{"id":206,"date":"2023-07-01T18:27:38","date_gmt":"2023-07-01T16:27:38","guid":{"rendered":"http:\/\/latidodeltietar.com\/?page_id=206"},"modified":"2023-09-19T14:48:58","modified_gmt":"2023-09-19T12:48:58","slug":"tarifas","status":"publish","type":"page","link":"https:\/\/latidodeltietar.com\/index.php\/tarifas\/","title":{"rendered":"Tarifas"},"content":{"rendered":"\t\t<div data-elementor-type=\"wp-page\" data-elementor-id=\"206\" class=\"elementor elementor-206\">\n\t\t\t\t\t\t\t\t\t<section class=\"elementor-section elementor-top-section elementor-element elementor-element-719bedec elementor-section-content-middle elementor-section-boxed elementor-section-height-default elementor-section-height-default\" data-id=\"719bedec\" data-element_type=\"section\" data-settings=\"{&quot;background_background&quot;:&quot;classic&quot;}\">\n\t\t\t\t\t\t<div class=\"elementor-container elementor-column-gap-no\">\n\t\t\t\t\t<div class=\"elementor-column elementor-col-50 elementor-top-column elementor-element elementor-element-70d55205\" data-id=\"70d55205\" data-element_type=\"column\">\n\t\t\t<div class=\"elementor-widget-wrap elementor-element-populated\">\n\t\t\t\t\t\t\t\t<div class=\"elementor-element elementor-element-1256f06 elementor-widget elementor-widget-image\" data-id=\"1256f06\" data-element_type=\"widget\" data-widget_type=\"image.default\">\n\t\t\t\t<div class=\"elementor-widget-container\">\n\t\t\t<style>\/*! elementor - v3.14.0 - 26-06-2023 *\/\n.elementor-widget-image{text-align:center}.elementor-widget-image a{display:inline-block}.elementor-widget-image a img[src$=\".svg\"]{width:48px}.elementor-widget-image img{vertical-align:middle;display:inline-block}<\/style>\t\t\t\t\t\t\t\t\t\t\t\t<img loading=\"lazy\" decoding=\"async\" width=\"780\" height=\"583\" src=\"https:\/\/latidodeltietar.com\/wp-content\/uploads\/2023\/08\/WhatsApp-Image-2023-08-23-at-16.19.33-1.jpeg\" class=\"attachment-large size-large wp-image-671\" alt=\"\" srcset=\"https:\/\/latidodeltietar.com\/wp-content\/uploads\/2023\/08\/WhatsApp-Image-2023-08-23-at-16.19.33-1.jpeg 1024w, https:\/\/latidodeltietar.com\/wp-content\/uploads\/2023\/08\/WhatsApp-Image-2023-08-23-at-16.19.33-1-300x224.jpeg 300w, https:\/\/latidodeltietar.com\/wp-content\/uploads\/2023\/08\/WhatsApp-Image-2023-08-23-at-16.19.33-1-768x575.jpeg 768w\" sizes=\"auto, (max-width: 780px) 100vw, 780px\" \/>\t\t\t\t\t\t\t\t\t\t\t\t\t\t\t<\/div>\n\t\t\t\t<\/div>\n\t\t\t\t<div class=\"elementor-element elementor-element-2d0ddfee elementor-widget elementor-widget-image\" data-id=\"2d0ddfee\" data-element_type=\"widget\" data-widget_type=\"image.default\">\n\t\t\t\t<div class=\"elementor-widget-container\">\n\t\t\t\t\t\t\t\t\t\t\t\t\t\t\t<img loading=\"lazy\" decoding=\"async\" width=\"2560\" height=\"2560\" src=\"https:\/\/latidodeltietar.com\/wp-content\/uploads\/2023\/07\/rocknwool-5op52SKBZ40-unsplash-scaled.jpg\" class=\"attachment-full size-full wp-image-209\" alt=\"\" srcset=\"https:\/\/latidodeltietar.com\/wp-content\/uploads\/2023\/07\/rocknwool-5op52SKBZ40-unsplash-scaled.jpg 2560w, https:\/\/latidodeltietar.com\/wp-content\/uploads\/2023\/07\/rocknwool-5op52SKBZ40-unsplash-300x300.jpg 300w, https:\/\/latidodeltietar.com\/wp-content\/uploads\/2023\/07\/rocknwool-5op52SKBZ40-unsplash-1024x1024.jpg 1024w, https:\/\/latidodeltietar.com\/wp-content\/uploads\/2023\/07\/rocknwool-5op52SKBZ40-unsplash-150x150.jpg 150w, https:\/\/latidodeltietar.com\/wp-content\/uploads\/2023\/07\/rocknwool-5op52SKBZ40-unsplash-768x768.jpg 768w, https:\/\/latidodeltietar.com\/wp-content\/uploads\/2023\/07\/rocknwool-5op52SKBZ40-unsplash-1536x1536.jpg 1536w, https:\/\/latidodeltietar.com\/wp-content\/uploads\/2023\/07\/rocknwool-5op52SKBZ40-unsplash-2048x2048.jpg 2048w\" sizes=\"auto, (max-width: 2560px) 100vw, 2560px\" \/>\t\t\t\t\t\t\t\t\t\t\t\t\t\t\t<\/div>\n\t\t\t\t<\/div>\n\t\t\t\t\t<\/div>\n\t\t<\/div>\n\t\t\t\t<div class=\"elementor-column elementor-col-50 elementor-top-column elementor-element elementor-element-2c035b1c\" data-id=\"2c035b1c\" data-element_type=\"column\">\n\t\t\t<div class=\"elementor-widget-wrap elementor-element-populated\">\n\t\t\t\t\t\t\t\t<div class=\"elementor-element elementor-element-f2e068b elementor-widget__width-inherit elementor-widget elementor-widget-heading\" data-id=\"f2e068b\" data-element_type=\"widget\" data-widget_type=\"heading.default\">\n\t\t\t\t<div class=\"elementor-widget-container\">\n\t\t\t<style>\/*! elementor - v3.14.0 - 26-06-2023 *\/\n.elementor-heading-title{padding:0;margin:0;line-height:1}.elementor-widget-heading .elementor-heading-title[class*=elementor-size-]>a{color:inherit;font-size:inherit;line-height:inherit}.elementor-widget-heading .elementor-heading-title.elementor-size-small{font-size:15px}.elementor-widget-heading .elementor-heading-title.elementor-size-medium{font-size:19px}.elementor-widget-heading .elementor-heading-title.elementor-size-large{font-size:29px}.elementor-widget-heading .elementor-heading-title.elementor-size-xl{font-size:39px}.elementor-widget-heading .elementor-heading-title.elementor-size-xxl{font-size:59px}<\/style><h4 class=\"elementor-heading-title elementor-size-xxl\">Tarifas<\/h4>\t\t<\/div>\n\t\t\t\t<\/div>\n\t\t\t\t<div class=\"elementor-element elementor-element-2bd08d70 elementor-widget__width-initial elementor-widget elementor-widget-text-editor\" data-id=\"2bd08d70\" data-element_type=\"widget\" data-widget_type=\"text-editor.default\">\n\t\t\t\t<div class=\"elementor-widget-container\">\n\t\t\t<style>\/*! elementor - v3.14.0 - 26-06-2023 *\/\n.elementor-widget-text-editor.elementor-drop-cap-view-stacked .elementor-drop-cap{background-color:#69727d;color:#fff}.elementor-widget-text-editor.elementor-drop-cap-view-framed .elementor-drop-cap{color:#69727d;border:3px solid;background-color:transparent}.elementor-widget-text-editor:not(.elementor-drop-cap-view-default) .elementor-drop-cap{margin-top:8px}.elementor-widget-text-editor:not(.elementor-drop-cap-view-default) .elementor-drop-cap-letter{width:1em;height:1em}.elementor-widget-text-editor .elementor-drop-cap{float:left;text-align:center;line-height:1;font-size:50px}.elementor-widget-text-editor .elementor-drop-cap-letter{display:inline-block}<\/style>\t\t\t\t<table style=\"font-size: 16px; font-style: normal;\" cellpadding=\"5\"><tbody><tr><td>\u00a0<\/td><td><p><strong>Temporada baja<br \/>(Octubre\u00a0a Mayo)<\/strong><\/p><\/td><td><p><strong>Temporada alta<br \/>(Junio a Septiembre)<\/strong><\/p><\/td><\/tr><tr><td>Fin de semana<br \/>(viernes 16h a Domingo 12h)<\/td><td><p><b>300\u20ac\u00a0<\/b><\/p><p>(150\u20ac por noche)<\/p><\/td><td><p><b>350\u20ac<\/b><\/p><p>(175\u20ac por noche)<\/p><\/td><\/tr><tr><td><p>D\u00edas laborables<br \/>(Lunes a jueves. No v\u00edspera de festivos)<br \/><strong>Reserva m\u00ednima 2 noches<\/strong><\/p><\/td><td><b>120\u20ac<\/b><\/td><td><b>150\u20ac<\/b><\/td><\/tr><tr><td>D\u00eda festivo suelto<\/td><td><b>200\u20ac<\/b><\/td><td><b>250\u20ac<\/b><strong><br \/><\/strong><\/td><\/tr><tr><td>Semana completa<\/td><td><b>600<\/b><\/td><td><b>800\u20ac<\/b><\/td><\/tr><tr><td>Quincena<\/td><td><b>800\u20ac<\/b><\/td><td><b>1300\u20ac<\/b><\/td><\/tr><\/tbody><\/table>\t\t\t\t\t\t<\/div>\n\t\t\t\t<\/div>\n\t\t\t\t<div class=\"elementor-element elementor-element-c8e17a4 elementor-widget elementor-widget-text-editor\" data-id=\"c8e17a4\" data-element_type=\"widget\" data-widget_type=\"text-editor.default\">\n\t\t\t\t<div class=\"elementor-widget-container\">\n\t\t\t\t\t\t\t<p>Precio mascota por estancia 20\u20ac<\/p><p>(consultar condiciones)<\/p>\t\t\t\t\t\t<\/div>\n\t\t\t\t<\/div>\n\t\t\t\t\t<\/div>\n\t\t<\/div>\n\t\t\t\t\t\t\t<\/div>\n\t\t<\/section>\n\t\t\t\t<section class=\"elementor-section elementor-top-section elementor-element elementor-element-860060e elementor-section-boxed elementor-section-height-default elementor-section-height-default\" data-id=\"860060e\" data-element_type=\"section\">\n\t\t\t\t\t\t<div class=\"elementor-container elementor-column-gap-default\">\n\t\t\t\t\t<div class=\"elementor-column elementor-col-100 elementor-top-column elementor-element elementor-element-3ed9790\" data-id=\"3ed9790\" data-element_type=\"column\">\n\t\t\t<div class=\"elementor-widget-wrap elementor-element-populated\">\n\t\t\t\t\t\t\t\t<div class=\"elementor-element elementor-element-9902dcd elementor-widget elementor-widget-heading\" data-id=\"9902dcd\" data-element_type=\"widget\" data-widget_type=\"heading.default\">\n\t\t\t\t<div class=\"elementor-widget-container\">\n\t\t\t<h2 class=\"elementor-heading-title elementor-size-default\">Normas de la casa<\/h2>\t\t<\/div>\n\t\t\t\t<\/div>\n\t\t\t\t<div class=\"elementor-element elementor-element-cfcb637 elementor-widget elementor-widget-text-editor\" data-id=\"cfcb637\" data-element_type=\"widget\" data-widget_type=\"text-editor.default\">\n\t\t\t\t<div class=\"elementor-widget-container\">\n\t\t\t\t\t\t\t<div id=\"sl56184_bg\" class=\"sl_bg \" data-name=\"\" data-id=\"56184\"><div id=\"sl56184\" class=\"sl\"><div class=\"fila\"><div class=\"c-12 \"><div id=\"ce88754_bg\" class=\"ce_bg\"><div id=\"ce88754_bg2\" class=\"ce_bg2 \"><div id=\"ce88754\" class=\"ce\"><div class=\"txt\"><p><span style=\"font-style: inherit; font-weight: inherit; color: var( --e-global-color-text ); font-family: var( --e-global-typography-text-font-family ), Sans-serif; background-color: var(--ast-global-color-5);\">&#8211; Hora de entrada: A\u00a0partir de las 16:00 horas (salvo acuerdo con la propiedad, a consultar).<\/span><\/p><p>&#8211; Hora de salida: 12:00 h.\u00a0<span style=\"font-style: inherit; font-weight: inherit; color: var( --e-global-color-text ); font-family: var( --e-global-typography-text-font-family ), Sans-serif; background-color: var(--ast-global-color-5);\">Posibilidad de ampliar horario check-out (bajo acuerdo con la propiedad).<\/span><\/p><p>&#8211; Est\u00e1 totalmente prohibido fumar en el interior del alojamiento.<\/p><p>&#8211; Tus\u00a0 mascotas son bienvenidas. Cons\u00faltanos.<\/p><p>&#8211;\u00a0Se depositar\u00e1 una fianza de 100\u20ac que se devolver\u00e1 mediante transferencia bancaria en una plazo de 7 d\u00edas desde la salida del alojamiento siempre que \u00e9ste se encuentre completo y en perfecto estado a su revisi\u00f3n.<\/p><p><strong>&#8211; La chimenea est\u00e1 disponible desde el 1 de noviembre hasta\u00a0el 31 de Marzo<\/strong><\/p><\/div><\/div><\/div><\/div><\/div><\/div><\/div><\/div><div id=\"sl44205_bg\" class=\"sl_bg \" data-name=\"\" data-id=\"44205\"><div id=\"sl44205\" class=\"sl\"><div class=\"fila\"><div class=\"c-12 \"><div id=\"ce69573_bg\" class=\"ce_bg\"><div id=\"ce69573_bg2\" class=\"ce_bg2 \"><div id=\"ce69573\" class=\"ce\"><div class=\"txt\">\u00a0<\/div><\/div><\/div><\/div><\/div><\/div><\/div><\/div>\t\t\t\t\t\t<\/div>\n\t\t\t\t<\/div>\n\t\t\t\t<div class=\"elementor-element elementor-element-82999ca elementor-widget elementor-widget-spacer\" data-id=\"82999ca\" data-element_type=\"widget\" data-widget_type=\"spacer.default\">\n\t\t\t\t<div class=\"elementor-widget-container\">\n\t\t\t<style>\/*! elementor - v3.14.0 - 26-06-2023 *\/\n.elementor-column .elementor-spacer-inner{height:var(--spacer-size)}.e-con{--container-widget-width:100%}.e-con-inner>.elementor-widget-spacer,.e-con>.elementor-widget-spacer{width:var(--container-widget-width,var(--spacer-size));--align-self:var(--container-widget-align-self,initial);--flex-shrink:0}.e-con-inner>.elementor-widget-spacer>.elementor-widget-container,.e-con-inner>.elementor-widget-spacer>.elementor-widget-container>.elementor-spacer,.e-con>.elementor-widget-spacer>.elementor-widget-container,.e-con>.elementor-widget-spacer>.elementor-widget-container>.elementor-spacer{height:100%}.e-con-inner>.elementor-widget-spacer>.elementor-widget-container>.elementor-spacer>.elementor-spacer-inner,.e-con>.elementor-widget-spacer>.elementor-widget-container>.elementor-spacer>.elementor-spacer-inner{height:var(--container-widget-height,var(--spacer-size))}<\/style>\t\t<div class=\"elementor-spacer\">\n\t\t\t<div class=\"elementor-spacer-inner\"><\/div>\n\t\t<\/div>\n\t\t\t\t<\/div>\n\t\t\t\t<\/div>\n\t\t\t\t<div class=\"elementor-element elementor-element-00a47de elementor-widget elementor-widget-heading\" data-id=\"00a47de\" data-element_type=\"widget\" data-widget_type=\"heading.default\">\n\t\t\t\t<div class=\"elementor-widget-container\">\n\t\t\t<h2 class=\"elementor-heading-title elementor-size-default\">Condiciones de la reserva<\/h2>\t\t<\/div>\n\t\t\t\t<\/div>\n\t\t\t\t<div class=\"elementor-element elementor-element-c6f8853 elementor-widget elementor-widget-text-editor\" data-id=\"c6f8853\" data-element_type=\"widget\" data-widget_type=\"text-editor.default\">\n\t\t\t\t<div class=\"elementor-widget-container\">\n\t\t\t\t\t\t\t<div id=\"sl56184_bg\" class=\"sl_bg \" data-name=\"\" data-id=\"56184\"><div id=\"sl56184\" class=\"sl\"><div class=\"fila\"><div class=\"c-12 \"><div id=\"ce88754_bg\" class=\"ce_bg\"><div id=\"ce88754_bg2\" class=\"ce_bg2 \"><div id=\"ce88754\" class=\"ce\"><div class=\"txt\"><p><span style=\"text-decoration: underline;\"><strong><span style=\"font-style: inherit; color: var( --e-global-color-text ); font-family: var( --e-global-typography-text-font-family ), Sans-serif; background-color: var(--ast-global-color-5); text-decoration: underline;\">RESERVA<\/span><\/strong><\/span><\/p><p><span style=\"font-style: inherit; font-weight: inherit; color: var( --e-global-color-text ); font-family: var( --e-global-typography-text-font-family ), Sans-serif; background-color: var(--ast-global-color-5);\">Se ingresar\u00e1\u00a0el 50% del total de la reserva mediante transferencia bancaria. (Este pago se realizara en un plazo de 24h desde la confirmaci\u00f3n de la reserva).<\/span><\/p><p><span style=\"background-color: var(--ast-global-color-5); color: var( --e-global-color-text ); font-family: var( --e-global-typography-text-font-family ), Sans-serif; font-style: inherit; font-weight: inherit;\">El 50% restante se ingresara en la fecha de la llegada. (Este pago se realizara 24h antes de la fecha del check-in).<\/span><\/p><p><b>Estancia m\u00ednima 2 noches. Cons\u00faltanos<\/b><\/p><p><span style=\"text-decoration: underline;\"><strong>CONDICIONES DE CANCELACI\u00d3N<\/strong><\/span><\/p><p>Para cancelar una reserva es necesario comunicarlo mediante correo electr\u00f3nico a <strong><i>contacto@latidodeltietar.com<\/i><\/strong><\/p><p>En caso de cancelaci\u00f3n de la reserva, se devolver\u00e1 el anticipo seg\u00fan los siguientes criterios:<\/p><p>&#8211; Se devolver\u00e1 el 100% del anticipo siempre y cuando se comunique antes de 30 d\u00edas de la fecha de entrada.<\/p><p>&#8211;\u00a0Se devolver\u00e1 el 50% del anticipo siempre y cuando se comunique antes de 20 d\u00edas de la fecha de entrada.<\/p><p>&#8211; No se devolver\u00e1 el anticipo cuando se comunique la cancelaci\u00f3n con menos de 20 d\u00edas para la fecha de entrada.<\/p><\/div><p><b>Para cualquier duda, no dudes en ponerte en contacto con nosotros.<\/b><\/p><\/div><\/div><\/div><\/div><\/div><\/div><\/div><div id=\"sl44203_bg\" class=\"sl_bg \" data-name=\"\" data-id=\"44203\"><div id=\"sl44203\" class=\"sl\"><div class=\"fila\"><div class=\"c-12 \"><div id=\"ce69571_bg\" class=\"ce_bg\"><div id=\"ce69571_bg2\" class=\"ce_bg2 \"><div id=\"ce69571\" class=\"ce\"><div>\u00a0<\/div><\/div><\/div><\/div><\/div><\/div><\/div><\/div>\t\t\t\t\t\t<\/div>\n\t\t\t\t<\/div>\n\t\t\t\t<div class=\"elementor-element elementor-element-83f2dcf elementor-widget elementor-widget-spacer\" data-id=\"83f2dcf\" data-element_type=\"widget\" data-widget_type=\"spacer.default\">\n\t\t\t\t<div class=\"elementor-widget-container\">\n\t\t\t\t\t<div class=\"elementor-spacer\">\n\t\t\t<div class=\"elementor-spacer-inner\"><\/div>\n\t\t<\/div>\n\t\t\t\t<\/div>\n\t\t\t\t<\/div>\n\t\t\t\t\t<\/div>\n\t\t<\/div>\n\t\t\t\t\t\t\t<\/div>\n\t\t<\/section>\n\t\t\t\t<section class=\"elementor-section elementor-top-section elementor-element elementor-element-50671286 elementor-section-content-middle elementor-section-boxed elementor-section-height-default elementor-section-height-default\" data-id=\"50671286\" data-element_type=\"section\">\n\t\t\t\t\t\t<div class=\"elementor-container elementor-column-gap-no\">\n\t\t\t\t\t<div class=\"elementor-column elementor-col-100 elementor-top-column elementor-element elementor-element-4bb498f7\" data-id=\"4bb498f7\" data-element_type=\"column\">\n\t\t\t<div class=\"elementor-widget-wrap elementor-element-populated\">\n\t\t\t\t\t\t\t\t<div class=\"elementor-element elementor-element-b0af7c4 elementor-widget__width-initial elementor-widget elementor-widget-heading\" data-id=\"b0af7c4\" data-element_type=\"widget\" data-widget_type=\"heading.default\">\n\t\t\t\t<div class=\"elementor-widget-container\">\n\t\t\t<h4 class=\"elementor-heading-title elementor-size-default\">\u00a1TE ESPERAMOS!<\/h4>\t\t<\/div>\n\t\t\t\t<\/div>\n\t\t\t\t<div class=\"elementor-element elementor-element-2652104 elementor-widget elementor-widget-text-editor\" data-id=\"2652104\" data-element_type=\"widget\" data-widget_type=\"text-editor.default\">\n\t\t\t\t<div class=\"elementor-widget-container\">\n\t\t\t\t\t\t\t<p>Si deseas contactar con nosotros puedes hacer directamente a trav\u00e9s de nuestro telefono.<\/p>\n<h1><span class=\"fe5nidar khvhiq1o r5qsrrlp i5tg98hk f9ovudaz przvwfww gx1rr48f gfz4du6o r7fjleex nz2484kf svot0ezm dcnh1tix sxl192xd t3g6t33p\"><span class=\"mpj7bzys xzlurrtv\"><img decoding=\"async\" class=\"emoji\" role=\"img\" draggable=\"false\" src=\"https:\/\/s.w.org\/images\/core\/emoji\/14.0.0\/svg\/1f4de.svg\" alt=\"\ud83d\udcde\"> <img loading=\"lazy\" decoding=\"async\" class=\"\" src=\"https:\/\/www.bing.com\/th?id=OIP.PbBfQPm_v6SBjl-EE1msGAHaHs&amp;w=150&amp;h=156&amp;c=8&amp;rs=1&amp;qlt=90&amp;o=6&amp;dpr=1.3&amp;pid=3.1&amp;rm=2\" alt=\"Tama\u00f1o de Resultado de im\u00e1genes de Icono Whatsapp.: 150 x 156. Fuente: speedyclearance.uk\" width=\"57\" height=\"59\"> &nbsp;<\/span><\/span><\/h1>\n<h1>604316017<\/h1>\t\t\t\t\t\t<\/div>\n\t\t\t\t<\/div>\n\t\t\t\t\t<\/div>\n\t\t<\/div>\n\t\t\t\t\t\t\t<\/div>\n\t\t<\/section>\n\t\t\t\t\t\t\t<\/div>\n\t\t","protected":false},"excerpt":{"rendered":"<p>Tarifas \u00a0 Temporada baja(Octubre\u00a0a Mayo) Temporada alta(Junio a Septiembre) Fin de semana(viernes 16h a Domingo 12h) 300\u20ac\u00a0 (150\u20ac por noche) 350\u20ac (175\u20ac por noche) D\u00edas laborables(Lunes a jueves. No v\u00edspera de festivos)Reserva m\u00ednima 2 noches 120\u20ac 150\u20ac D\u00eda festivo suelto 200\u20ac 250\u20ac Semana completa 600 800\u20ac Quincena 800\u20ac 1300\u20ac Precio mascota por estancia 20\u20ac (consultar [&hellip;]<\/p>\n","protected":false},"author":1,"featured_media":0,"parent":0,"menu_order":0,"comment_status":"closed","ping_status":"closed","template":"","meta":{"footnotes":""},"class_list":["post-206","page","type-page","status-publish","hentry","travel-monster-post","no-post-thumbnail","latest_post"],"_links":{"self":[{"href":"https:\/\/latidodeltietar.com\/index.php\/wp-json\/wp\/v2\/pages\/206","targetHints":{"allow":["GET"]}}],"collection":[{"href":"https:\/\/latidodeltietar.com\/index.php\/wp-json\/wp\/v2\/pages"}],"about":[{"href":"https:\/\/latidodeltietar.com\/index.php\/wp-json\/wp\/v2\/types\/page"}],"author":[{"embeddable":true,"href":"https:\/\/latidodeltietar.com\/index.php\/wp-json\/wp\/v2\/users\/1"}],"replies":[{"embeddable":true,"href":"https:\/\/latidodeltietar.com\/index.php\/wp-json\/wp\/v2\/comments?post=206"}],"version-history":[{"count":68,"href":"https:\/\/latidodeltietar.com\/index.php\/wp-json\/wp\/v2\/pages\/206\/revisions"}],"predecessor-version":[{"id":892,"href":"https:\/\/latidodeltietar.com\/index.php\/wp-json\/wp\/v2\/pages\/206\/revisions\/892"}],"wp:attachment":[{"href":"https:\/\/latidodeltietar.com\/index.php\/wp-json\/wp\/v2\/media?parent=206"}],"curies":[{"name":"wp","href":"https:\/\/api.w.org\/{rel}","templated":true}]}}