{"id":393,"date":"2023-07-30T12:52:43","date_gmt":"2023-07-30T10:52:43","guid":{"rendered":"http:\/\/latidodeltietar.com\/?page_id=393"},"modified":"2023-08-23T16:41:44","modified_gmt":"2023-08-23T14:41:44","slug":"servicios","status":"publish","type":"page","link":"https:\/\/latidodeltietar.com\/index.php\/servicios\/","title":{"rendered":"Servicios"},"content":{"rendered":"\t\t<div data-elementor-type=\"wp-page\" data-elementor-id=\"393\" class=\"elementor elementor-393\">\n\t\t\t\t\t\t\t\t\t<section class=\"elementor-section elementor-top-section elementor-element elementor-element-eebeaaf elementor-section-boxed elementor-section-height-default elementor-section-height-default\" data-id=\"eebeaaf\" data-element_type=\"section\">\n\t\t\t\t\t\t<div class=\"elementor-container elementor-column-gap-default\">\n\t\t\t\t\t<div class=\"elementor-column elementor-col-50 elementor-top-column elementor-element elementor-element-c8d8a36\" data-id=\"c8d8a36\" data-element_type=\"column\">\n\t\t\t<div class=\"elementor-widget-wrap elementor-element-populated\">\n\t\t\t\t\t\t\t\t<div class=\"elementor-element elementor-element-54734a9 elementor-widget elementor-widget-text-editor\" data-id=\"54734a9\" data-element_type=\"widget\" data-widget_type=\"text-editor.default\">\n\t\t\t\t<div class=\"elementor-widget-container\">\n\t\t\t<style>\/*! elementor - v3.14.0 - 26-06-2023 *\/\n.elementor-widget-text-editor.elementor-drop-cap-view-stacked .elementor-drop-cap{background-color:#69727d;color:#fff}.elementor-widget-text-editor.elementor-drop-cap-view-framed .elementor-drop-cap{color:#69727d;border:3px solid;background-color:transparent}.elementor-widget-text-editor:not(.elementor-drop-cap-view-default) .elementor-drop-cap{margin-top:8px}.elementor-widget-text-editor:not(.elementor-drop-cap-view-default) .elementor-drop-cap-letter{width:1em;height:1em}.elementor-widget-text-editor .elementor-drop-cap{float:left;text-align:center;line-height:1;font-size:50px}.elementor-widget-text-editor .elementor-drop-cap-letter{display:inline-block}<\/style>\t\t\t\t<p><strong>EQUIPAMIENTO INTERIOR<\/strong><\/p><p><img loading=\"lazy\" decoding=\"async\" src=\"https:\/\/www.lafraguahita.com\/multimedia\/web\/la-fragua-lanzahita\/82-310138300485130404.png\" width=\"20\" height=\"20\" \/>\u00a0 Aire Acondicionado<\/p><p><img loading=\"lazy\" decoding=\"async\" src=\"https:\/\/www.lafraguahita.com\/multimedia\/web\/la-fragua-lanzahita\/82-310138300485130404.png\" alt=\"\" width=\"20\" height=\"20\" \/>\u00a0 Calefacci\u00f3n<\/p><p><img loading=\"lazy\" decoding=\"async\" src=\"https:\/\/www.lafraguahita.com\/multimedia\/web\/la-fragua-lanzahita\/82-310138300485130404.png\" alt=\"\" width=\"20\" height=\"20\" \/>\u00a0 Cocina totalmente equipada<\/p><p><img loading=\"lazy\" decoding=\"async\" src=\"https:\/\/www.lafraguahita.com\/multimedia\/web\/la-fragua-lanzahita\/82-310138300485130404.png\" width=\"20\" height=\"20\" \/>\u00a0 Chimenea<\/p><p><img loading=\"lazy\" decoding=\"async\" src=\"https:\/\/www.lafraguahita.com\/multimedia\/web\/la-fragua-lanzahita\/82-310138300485130404.png\" alt=\"\" width=\"20\" height=\"20\" \/>\u00a0\u00a0Wifi<\/p><p><img loading=\"lazy\" decoding=\"async\" src=\"https:\/\/www.lafraguahita.com\/multimedia\/web\/la-fragua-lanzahita\/82-310138300485130404.png\" alt=\"\" width=\"20\" height=\"20\" \/>\u00a0 Smart TV en el sal\u00f3n<\/p><p><img loading=\"lazy\" decoding=\"async\" src=\"https:\/\/www.lafraguahita.com\/multimedia\/web\/la-fragua-lanzahita\/82-310138300485130404.png\" alt=\"\" width=\"20\" height=\"20\" \/> \u00a0TV en dormitorio<\/p><p><img loading=\"lazy\" decoding=\"async\" src=\"https:\/\/www.lafraguahita.com\/multimedia\/web\/la-fragua-lanzahita\/82-310138300485130404.png\" alt=\"\" width=\"20\" height=\"20\" \/>\u00a0\u00a0Cuna\u00a0y trona<\/p><p><img loading=\"lazy\" decoding=\"async\" src=\"https:\/\/www.lafraguahita.com\/multimedia\/web\/la-fragua-lanzahita\/82-310138300485130404.png\" alt=\"\" width=\"20\" height=\"20\" \/>\u00a0\u00a0Mosquiteras<\/p><p><img loading=\"lazy\" decoding=\"async\" src=\"https:\/\/www.lafraguahita.com\/multimedia\/web\/la-fragua-lanzahita\/82-310138300485130404.png\" alt=\"\" width=\"20\" height=\"20\" \/>\u00a0 Art\u00edculos de aseo<\/p><p><img loading=\"lazy\" decoding=\"async\" src=\"https:\/\/www.lafraguahita.com\/multimedia\/web\/la-fragua-lanzahita\/82-310138300485130404.png\" alt=\"\" width=\"20\" height=\"20\" \/> Secador de pelo<\/p><p><img loading=\"lazy\" decoding=\"async\" src=\"https:\/\/www.lafraguahita.com\/multimedia\/web\/la-fragua-lanzahita\/82-310138300485130404.png\" alt=\"\" width=\"20\" height=\"20\" \/> Equipo de m\u00fasica<\/p>\t\t\t\t\t\t<\/div>\n\t\t\t\t<\/div>\n\t\t\t\t\t<\/div>\n\t\t<\/div>\n\t\t\t\t<div class=\"elementor-column elementor-col-50 elementor-top-column elementor-element elementor-element-0c66811\" data-id=\"0c66811\" data-element_type=\"column\">\n\t\t\t<div class=\"elementor-widget-wrap elementor-element-populated\">\n\t\t\t\t\t\t\t\t<div class=\"elementor-element elementor-element-8187f69 elementor-widget elementor-widget-text-editor\" data-id=\"8187f69\" data-element_type=\"widget\" data-widget_type=\"text-editor.default\">\n\t\t\t\t<div class=\"elementor-widget-container\">\n\t\t\t\t\t\t\t<p><strong>SERVIVIOS COMPLEMENTARIOS<\/strong><\/p><p><img loading=\"lazy\" decoding=\"async\" src=\"https:\/\/www.lafraguahita.com\/multimedia\/web\/la-fragua-lanzahita\/82-310138300485130404.png\" width=\"20\" height=\"20\" \/>\u00a0 Atenci\u00f3n al cliente disponible las 24h<\/p><p><img loading=\"lazy\" decoding=\"async\" src=\"https:\/\/www.lafraguahita.com\/multimedia\/web\/la-fragua-lanzahita\/82-310138300485130404.png\" alt=\"\" width=\"20\" height=\"20\" \/> \u00a0Lote de le\u00f1a a la llegada en temporada<\/p><p><img loading=\"lazy\" decoding=\"async\" src=\"https:\/\/www.lafraguahita.com\/multimedia\/web\/la-fragua-lanzahita\/82-310138300485130404.png\" alt=\"\" width=\"20\" height=\"20\" \/>\u00a0\u00a0Informaci\u00f3n sobre actividades tur\u00edsticas<\/p><p><img loading=\"lazy\" decoding=\"async\" src=\"https:\/\/www.lafraguahita.com\/multimedia\/web\/la-fragua-lanzahita\/82-310138300485130404.png\" width=\"20\" height=\"20\" \/>\u00a0 Cambio de toallas y s\u00e1banas para estancias de mas de una semana<\/p><p><img loading=\"lazy\" decoding=\"async\" src=\"https:\/\/www.lafraguahita.com\/multimedia\/web\/la-fragua-lanzahita\/82-310138300485130404.png\" width=\"20\" height=\"20\" \/> Check-in 24h<\/p><p><img loading=\"lazy\" decoding=\"async\" src=\"https:\/\/www.lafraguahita.com\/multimedia\/web\/la-fragua-lanzahita\/82-310138300485130404.png\" width=\"20\" height=\"20\" \/> Posibilidad de retrasar hora Check-out (seg\u00fan disponibilidad) 20\u20ac<\/p><p><span style=\"text-decoration: underline;\"><strong>\u00a0<\/strong><\/span><\/p>\t\t\t\t\t\t<\/div>\n\t\t\t\t<\/div>\n\t\t\t\t\t<\/div>\n\t\t<\/div>\n\t\t\t\t\t\t\t<\/div>\n\t\t<\/section>\n\t\t\t\t\t\t\t<\/div>\n\t\t","protected":false},"excerpt":{"rendered":"<p>EQUIPAMIENTO INTERIOR &nbsp; Aire Acondicionado &nbsp; Calefacci\u00f3n &nbsp; Cocina totalmente equipada &nbsp; Chimenea &nbsp;&nbsp;Wifi &nbsp; Smart TV en el sal\u00f3n &nbsp;TV en dormitorio &nbsp;&nbsp;Cuna&nbsp;y trona &nbsp;&nbsp;Mosquiteras &nbsp; Art\u00edculos de aseo Secador de pelo Equipo de m\u00fasica SERVIVIOS COMPLEMENTARIOS &nbsp; Atenci\u00f3n al cliente disponible las 24h &nbsp;Lote de le\u00f1a a la llegada en temporada &nbsp;&nbsp;Informaci\u00f3n sobre [&hellip;]<\/p>\n","protected":false},"author":1,"featured_media":0,"parent":0,"menu_order":0,"comment_status":"closed","ping_status":"closed","template":"","meta":{"footnotes":""},"class_list":["post-393","page","type-page","status-publish","hentry","travel-monster-post","no-post-thumbnail","latest_post"],"_links":{"self":[{"href":"https:\/\/latidodeltietar.com\/index.php\/wp-json\/wp\/v2\/pages\/393","targetHints":{"allow":["GET"]}}],"collection":[{"href":"https:\/\/latidodeltietar.com\/index.php\/wp-json\/wp\/v2\/pages"}],"about":[{"href":"https:\/\/latidodeltietar.com\/index.php\/wp-json\/wp\/v2\/types\/page"}],"author":[{"embeddable":true,"href":"https:\/\/latidodeltietar.com\/index.php\/wp-json\/wp\/v2\/users\/1"}],"replies":[{"embeddable":true,"href":"https:\/\/latidodeltietar.com\/index.php\/wp-json\/wp\/v2\/comments?post=393"}],"version-history":[{"count":5,"href":"https:\/\/latidodeltietar.com\/index.php\/wp-json\/wp\/v2\/pages\/393\/revisions"}],"predecessor-version":[{"id":458,"href":"https:\/\/latidodeltietar.com\/index.php\/wp-json\/wp\/v2\/pages\/393\/revisions\/458"}],"wp:attachment":[{"href":"https:\/\/latidodeltietar.com\/index.php\/wp-json\/wp\/v2\/media?parent=393"}],"curies":[{"name":"wp","href":"https:\/\/api.w.org\/{rel}","templated":true}]}}