{"id":43,"date":"2023-06-27T01:24:53","date_gmt":"2023-06-26T23:24:53","guid":{"rendered":"http:\/\/latidodeltietar.com\/?page_id=43"},"modified":"2023-10-04T13:37:40","modified_gmt":"2023-10-04T11:37:40","slug":"reservas","status":"publish","type":"page","link":"https:\/\/latidodeltietar.com\/index.php\/reservas\/","title":{"rendered":"Reservas"},"content":{"rendered":"\t\t<div data-elementor-type=\"wp-page\" data-elementor-id=\"43\" class=\"elementor elementor-43\">\n\t\t\t\t\t\t\t\t\t<section class=\"elementor-section elementor-top-section elementor-element elementor-element-6c90e8bf elementor-section-boxed elementor-section-height-default elementor-section-height-default\" data-id=\"6c90e8bf\" data-element_type=\"section\">\n\t\t\t\t\t\t<div class=\"elementor-container elementor-column-gap-default\">\n\t\t\t\t\t<div class=\"elementor-column elementor-col-100 elementor-top-column elementor-element elementor-element-633a09a1\" data-id=\"633a09a1\" data-element_type=\"column\">\n\t\t\t<div class=\"elementor-widget-wrap elementor-element-populated\">\n\t\t\t\t\t\t\t\t<div class=\"elementor-element elementor-element-3424fe0 elementor-widget elementor-widget-text-editor\" data-id=\"3424fe0\" data-element_type=\"widget\" data-widget_type=\"text-editor.default\">\n\t\t\t\t<div class=\"elementor-widget-container\">\n\t\t\t<style>\/*! elementor - v3.14.0 - 26-06-2023 *\/\n.elementor-widget-text-editor.elementor-drop-cap-view-stacked .elementor-drop-cap{background-color:#69727d;color:#fff}.elementor-widget-text-editor.elementor-drop-cap-view-framed .elementor-drop-cap{color:#69727d;border:3px solid;background-color:transparent}.elementor-widget-text-editor:not(.elementor-drop-cap-view-default) .elementor-drop-cap{margin-top:8px}.elementor-widget-text-editor:not(.elementor-drop-cap-view-default) .elementor-drop-cap-letter{width:1em;height:1em}.elementor-widget-text-editor .elementor-drop-cap{float:left;text-align:center;line-height:1;font-size:50px}.elementor-widget-text-editor .elementor-drop-cap-letter{display:inline-block}<\/style>\t\t\t\t<!-- wp:booking\/booking {\"wpbc_shortcode\":\"[booking nummonths=2]\"} -->\n<div class=\"wp-block-booking-booking\"> <div id=\"form_id396368397703\" class=\"wpdevelop\"><form  id=\"booking_form1\"   class=\"booking_form vertical\" method=\"post\" action=\"\"><div id=\"ajax_respond_insert1\" class=\"ajax_respond_insert\" style=\"display:none;\"><\/div><a name=\"bklnk1\" id=\"bklnk1\"><\/a><div id=\"booking_form_div1\" class=\"booking_form_div\"><div class=\"wpbc_booking_form_structure wpbc_vertical\">\n  <div class=\"wpbc_structure_calendar\">\n    <div class=\"wpbc_change_over_triangle\"><div class=\"bk_calendar_frame months_num_in_row_ cal_month_num_2 wpbc_timeslot_day_bg_as_available\" style=\"width:100%;max-width:568px;\"><div id=\"calendar_booking1\">Cargando Calendario&#8230;<\/div><\/div><div style=\"font-size:10px;text-align:left;margin:5px 0 15px;text-shadow: none;\">Powered by <a href=\"https:\/\/wpbookingcalendar.com\" target=\"_blank\" title=\"Booking Calendar plugin for WordPress\">Booking Calendar<\/a><\/div><textarea id=\"date_booking1\" name=\"date_booking1\" autocomplete=\"off\" style=\"display:none;\"><\/textarea><div class=\"block_hints datepick \"><div class=\"wpdev_hint_with_text\"><div class=\"block_free datepick-days-cell\"><a>29<\/a><\/div><div class=\"block_text\">&#8211; <\/div><div class=\"block_text\">Disponible<\/div><\/div><div class=\"wpdev_hint_with_text\"><div class=\"block_booked date_approved\">29<\/div><div class=\"block_text\">&#8211; <\/div><div class=\"block_text\">Reservado<\/div><\/div><div class=\"wpdev_hint_with_text\"><div class=\"block_pending date2approve\">29<\/div><div class=\"block_text\">&#8211; <\/div><div class=\"block_text\">Pendiente<\/div><\/div><\/div><\/div>\n  <\/div>\n  <div class=\"wpbc_structure_form\">\n  <div class=\"form-group wpbc-form-element-text wpbc-form-element-name\">  <label for=\"name1\" class=\"control-label\">Nombre*:<\/label>   <div class=\"controls\">   <input type=\"text\" name=\"name1\" id=\"name1\" class=\"input-xlarge wpdev-validates-as-required\" \/><\/div><\/div>  <div class=\"form-group wpbc-form-element-text wpbc-form-element-secondname\">  <label for=\"secondname1\" class=\"control-label\">Apellidos*:<\/label>   <div class=\"controls\">   <input type=\"text\" name=\"secondname1\" id=\"secondname1\" class=\"input-xlarge wpdev-validates-as-required\" \/><\/div><\/div>  <div class=\"form-group wpbc-form-element-email wpbc-form-element-email\">  <label for=\"email1\" class=\"control-label\">Email*:<\/label>   <div class=\"controls\">   <input type=\"text\" name=\"email1\" id=\"email1\" class=\"input-xlarge wpdev-validates-as-email wpdev-validates-as-required wpdev-validates-as-required\" \/><\/div><\/div>  <div class=\"form-group wpbc-form-element-select wpbc-form-element-visitors\">  <label for=\"visitors1\" class=\"control-label\">Adultos:<\/label>   <div class=\"controls\">   <select name=\"visitors1\" id=\"visitors1\" class=\"input-xlarge\" >  <option value=\"1\" >1<\/option>  <option value=\"2\" >2<\/option>  <option value=\"3\" >3<\/option>  <option value=\"4\" >4<\/option>     <\/select><\/div><\/div>  <div class=\"form-group wpbc-form-element-text wpbc-form-element-phone\">  <label for=\"phone1\" class=\"control-label\">Tel\u00e9fono:<\/label>   <div class=\"controls\">   <input type=\"text\" name=\"phone1\" id=\"phone1\" class=\"input-xlarge\" \/><\/div><\/div>  <div class=\"form-group wpbc-form-element-textarea wpbc-form-element-details\">  <label for=\"details1\" class=\"control-label\">Mascota:<\/label>   <div class=\"controls\">   <textarea  rows=\"3\" name=\"details1\" id=\"details1\" class=\"input-xlarge\" ><\/textarea><\/div><\/div><div class=\"form-group\"><input  autocomplete=\"off\" type=\"hidden\" name=\"wpdev_captcha_challenge_1\"  id=\"wpdev_captcha_challenge_1\" value=\"857335885\" \/><input  autocomplete=\"off\" type=\"text\" class=\"captachinput\" value=\"\" name=\"captcha_input1\" id=\"captcha_input1\" \/><img decoding=\"async\" class=\"captcha_img\"  id=\"captcha_img1\" alt=\"captcha\" src=\"https:\/\/latidodeltietar.com\/wp-content\/plugins\/booking\/js\/captcha\/tmp\/857335885.png\" \/><span id=\"captcha_msg1\" class=\"wpdev-help-message\" ><\/span><\/div>\n<div class=\"form-group\"><button class=\"btn btn-default\" type=\"button\" onclick=\"mybooking_submit(this.form,1,'es_ES');\" >Enviar Solicitud<\/button><\/div>\n  <\/div>\n<\/div>\n<div class=\"wpbc_booking_form_footer\"><\/div><input id=\"bk_type1\" name=\"bk_type1\" class=\"\" type=\"hidden\" value=\"1\" \/><\/div><div id=\"submiting1\"><\/div><div class=\"form_bk_messages\" id=\"form_bk_messages1\" ><\/div><input type=\"hidden\" id=\"wpbc_nonce1\" name=\"wpbc_nonce1\" value=\"a64634535d\" \/><input type=\"hidden\" name=\"_wp_http_referer\" value=\"\/index.php\/wp-json\/wp\/v2\/pages\/43\" \/><input type=\"hidden\" id=\"wpbc_nonceCALCULATE_THE_COST1\" name=\"wpbc_nonceCALCULATE_THE_COST1\" value=\"036ba281ec\" \/><input type=\"hidden\" name=\"_wp_http_referer\" value=\"\/index.php\/wp-json\/wp\/v2\/pages\/43\" \/><\/form><\/div><div id=\"booking_form_garbage1\" class=\"booking_form_garbage\"><\/div><script type=\"text\/javascript\">\n                                jQuery(document).ready( function(){\n                                    jQuery(\".widget_wpdev_booking .booking_form.form-horizontal\").removeClass(\"form-horizontal\");\n                                    var visible_booking_id_on_page_num = visible_booking_id_on_page.length;\n                                    if (visible_booking_id_on_page_num !== null ) {\n                                        for (var i=0;i< visible_booking_id_on_page_num ;i++){\n                                          if ( visible_booking_id_on_page[i]==\"booking_form_div1\" ) {\n                                              document.getElementById(\"form_id396368397703\").innerHTML = \"<span style='color:#A00;font-size:10px;'>Advertencia! calendario de reserva para este recurso est\u00e1 adem\u00e1s en la p\u00e1gina, compruebe m\u00e1s acerca de este problema en esta p\u00e1gina: https:\/\/wpbookingcalendar.com\/faq\/why-the-booking-calendar-widget-not-show-on-page\/<\/span>\";                                                                                                  \n                                              jQuery(\"#form_id396368397703\").animate( {opacity: 1}, 10000 ).fadeOut(5000);\n                                              return;\n                                          }\n                                        }\n                                        visible_booking_id_on_page[ visible_booking_id_on_page_num ]=\"booking_form_div1\";\n                                    }\n                                });\n                            <\/script> <script type='text\/javascript'>  jQuery(document).ready( function(){  date_admin_blank[1] = [];  date2approve[1] = [];  var date_approved_par = [];  wpbc_resource_availability[ 1 ] = [''];  if (typeof( date_approved_par[ '5-1-2026' ] ) == 'undefined'){  date_approved_par[ '5-1-2026' ] = [];}  date_approved_par[ '5-1-2026' ][  date_approved_par['5-1-2026'].length  ] = [5,1,2026, 0, 0, 0]; if (typeof( date_approved_par[ '5-2-2026' ] ) == 'undefined'){  date_approved_par[ '5-2-2026' ] = [];}  date_approved_par[ '5-2-2026' ][  date_approved_par['5-2-2026'].length  ] = [5,2,2026, 0, 0, 0]; if (typeof( date_approved_par[ '5-3-2026' ] ) == 'undefined'){  date_approved_par[ '5-3-2026' ] = [];}  date_approved_par[ '5-3-2026' ][  date_approved_par['5-3-2026'].length  ] = [5,3,2026, 0, 0, 0]; if (typeof( date_approved_par[ '5-22-2026' ] ) == 'undefined'){  date_approved_par[ '5-22-2026' ] = [];}  date_approved_par[ '5-22-2026' ][  date_approved_par['5-22-2026'].length  ] = [5,22,2026, 0, 0, 0]; if (typeof( date_approved_par[ '5-23-2026' ] ) == 'undefined'){  date_approved_par[ '5-23-2026' ] = [];}  date_approved_par[ '5-23-2026' ][  date_approved_par['5-23-2026'].length  ] = [5,23,2026, 0, 0, 0]; if (typeof( date_approved_par[ '5-24-2026' ] ) == 'undefined'){  date_approved_par[ '5-24-2026' ] = [];}  date_approved_par[ '5-24-2026' ][  date_approved_par['5-24-2026'].length  ] = [5,24,2026, 0, 0, 0]; if (typeof( date_approved_par[ '6-26-2026' ] ) == 'undefined'){  date_approved_par[ '6-26-2026' ] = [];}  date_approved_par[ '6-26-2026' ][  date_approved_par['6-26-2026'].length  ] = [6,26,2026, 0, 0, 0]; if (typeof( date_approved_par[ '6-27-2026' ] ) == 'undefined'){  date_approved_par[ '6-27-2026' ] = [];}  date_approved_par[ '6-27-2026' ][  date_approved_par['6-27-2026'].length  ] = [6,27,2026, 0, 0, 0]; if (typeof( date_approved_par[ '6-28-2026' ] ) == 'undefined'){  date_approved_par[ '6-28-2026' ] = [];}  date_approved_par[ '6-28-2026' ][  date_approved_par['6-28-2026'].length  ] = [6,28,2026, 0, 0, 0]; if (typeof( date_approved_par[ '7-3-2026' ] ) == 'undefined'){  date_approved_par[ '7-3-2026' ] = [];}  date_approved_par[ '7-3-2026' ][  date_approved_par['7-3-2026'].length  ] = [7,3,2026, 0, 0, 0]; if (typeof( date_approved_par[ '7-4-2026' ] ) == 'undefined'){  date_approved_par[ '7-4-2026' ] = [];}  date_approved_par[ '7-4-2026' ][  date_approved_par['7-4-2026'].length  ] = [7,4,2026, 0, 0, 0]; if (typeof( date_approved_par[ '7-5-2026' ] ) == 'undefined'){  date_approved_par[ '7-5-2026' ] = [];}  date_approved_par[ '7-5-2026' ][  date_approved_par['7-5-2026'].length  ] = [7,5,2026, 0, 0, 0]; if (typeof( date_approved_par[ '7-27-2026' ] ) == 'undefined'){  date_approved_par[ '7-27-2026' ] = [];}  date_approved_par[ '7-27-2026' ][  date_approved_par['7-27-2026'].length  ] = [7,27,2026, 0, 0, 0]; if (typeof( date_approved_par[ '7-28-2026' ] ) == 'undefined'){  date_approved_par[ '7-28-2026' ] = [];}  date_approved_par[ '7-28-2026' ][  date_approved_par['7-28-2026'].length  ] = [7,28,2026, 0, 0, 0]; if (typeof( date_approved_par[ '7-29-2026' ] ) == 'undefined'){  date_approved_par[ '7-29-2026' ] = [];}  date_approved_par[ '7-29-2026' ][  date_approved_par['7-29-2026'].length  ] = [7,29,2026, 0, 0, 0]; if (typeof( date_approved_par[ '7-30-2026' ] ) == 'undefined'){  date_approved_par[ '7-30-2026' ] = [];}  date_approved_par[ '7-30-2026' ][  date_approved_par['7-30-2026'].length  ] = [7,30,2026, 0, 0, 0]; if (typeof( date_approved_par[ '7-31-2026' ] ) == 'undefined'){  date_approved_par[ '7-31-2026' ] = [];}  date_approved_par[ '7-31-2026' ][  date_approved_par['7-31-2026'].length  ] = [7,31,2026, 0, 0, 0]; if (typeof( date_approved_par[ '8-1-2026' ] ) == 'undefined'){  date_approved_par[ '8-1-2026' ] = [];}  date_approved_par[ '8-1-2026' ][  date_approved_par['8-1-2026'].length  ] = [8,1,2026, 0, 0, 0]; if (typeof( date_approved_par[ '8-2-2026' ] ) == 'undefined'){  date_approved_par[ '8-2-2026' ] = [];}  date_approved_par[ '8-2-2026' ][  date_approved_par['8-2-2026'].length  ] = [8,2,2026, 0, 0, 0]; if (typeof( date_approved_par[ '8-3-2026' ] ) == 'undefined'){  date_approved_par[ '8-3-2026' ] = [];}  date_approved_par[ '8-3-2026' ][  date_approved_par['8-3-2026'].length  ] = [8,3,2026, 0, 0, 0]; if (typeof( date_approved_par[ '8-4-2026' ] ) == 'undefined'){  date_approved_par[ '8-4-2026' ] = [];}  date_approved_par[ '8-4-2026' ][  date_approved_par['8-4-2026'].length  ] = [8,4,2026, 0, 0, 0]; if (typeof( date_approved_par[ '8-5-2026' ] ) == 'undefined'){  date_approved_par[ '8-5-2026' ] = [];}  date_approved_par[ '8-5-2026' ][  date_approved_par['8-5-2026'].length  ] = [8,5,2026, 0, 0, 0]; if (typeof( date_approved_par[ '8-6-2026' ] ) == 'undefined'){  date_approved_par[ '8-6-2026' ] = [];}  date_approved_par[ '8-6-2026' ][  date_approved_par['8-6-2026'].length  ] = [8,6,2026, 0, 0, 0]; if (typeof( date_approved_par[ '8-7-2026' ] ) == 'undefined'){  date_approved_par[ '8-7-2026' ] = [];}  date_approved_par[ '8-7-2026' ][  date_approved_par['8-7-2026'].length  ] = [8,7,2026, 0, 0, 0]; if (typeof( date_approved_par[ '8-8-2026' ] ) == 'undefined'){  date_approved_par[ '8-8-2026' ] = [];}  date_approved_par[ '8-8-2026' ][  date_approved_par['8-8-2026'].length  ] = [8,8,2026, 0, 0, 0]; if (typeof( date_approved_par[ '8-9-2026' ] ) == 'undefined'){  date_approved_par[ '8-9-2026' ] = [];}  date_approved_par[ '8-9-2026' ][  date_approved_par['8-9-2026'].length  ] = [8,9,2026, 0, 0, 0]; if (typeof( date_approved_par[ '8-10-2026' ] ) == 'undefined'){  date_approved_par[ '8-10-2026' ] = [];}  date_approved_par[ '8-10-2026' ][  date_approved_par['8-10-2026'].length  ] = [8,10,2026, 0, 0, 0]; if (typeof( date_approved_par[ '8-18-2026' ] ) == 'undefined'){  date_approved_par[ '8-18-2026' ] = [];}  date_approved_par[ '8-18-2026' ][  date_approved_par['8-18-2026'].length  ] = [8,18,2026, 0, 0, 0]; if (typeof( date_approved_par[ '8-19-2026' ] ) == 'undefined'){  date_approved_par[ '8-19-2026' ] = [];}  date_approved_par[ '8-19-2026' ][  date_approved_par['8-19-2026'].length  ] = [8,19,2026, 0, 0, 0]; if (typeof( date_approved_par[ '8-20-2026' ] ) == 'undefined'){  date_approved_par[ '8-20-2026' ] = [];}  date_approved_par[ '8-20-2026' ][  date_approved_par['8-20-2026'].length  ] = [8,20,2026, 0, 0, 0]; if (typeof( date_approved_par[ '8-21-2026' ] ) == 'undefined'){  date_approved_par[ '8-21-2026' ] = [];}  date_approved_par[ '8-21-2026' ][  date_approved_par['8-21-2026'].length  ] = [8,21,2026, 0, 0, 0]; if (typeof( date_approved_par[ '8-22-2026' ] ) == 'undefined'){  date_approved_par[ '8-22-2026' ] = [];}  date_approved_par[ '8-22-2026' ][  date_approved_par['8-22-2026'].length  ] = [8,22,2026, 0, 0, 0]; if (typeof( date_approved_par[ '8-23-2026' ] ) == 'undefined'){  date_approved_par[ '8-23-2026' ] = [];}  date_approved_par[ '8-23-2026' ][  date_approved_par['8-23-2026'].length  ] = [8,23,2026, 0, 0, 0]; if (typeof( date_approved_par[ '8-24-2026' ] ) == 'undefined'){  date_approved_par[ '8-24-2026' ] = [];}  date_approved_par[ '8-24-2026' ][  date_approved_par['8-24-2026'].length  ] = [8,24,2026, 0, 0, 0]; if (typeof( date_approved_par[ '8-25-2026' ] ) == 'undefined'){  date_approved_par[ '8-25-2026' ] = [];}  date_approved_par[ '8-25-2026' ][  date_approved_par['8-25-2026'].length  ] = [8,25,2026, 0, 0, 0]; if (typeof( date_approved_par[ '8-26-2026' ] ) == 'undefined'){  date_approved_par[ '8-26-2026' ] = [];}  date_approved_par[ '8-26-2026' ][  date_approved_par['8-26-2026'].length  ] = [8,26,2026, 0, 0, 0]; if (typeof( date_approved_par[ '8-27-2026' ] ) == 'undefined'){  date_approved_par[ '8-27-2026' ] = [];}  date_approved_par[ '8-27-2026' ][  date_approved_par['8-27-2026'].length  ] = [8,27,2026, 0, 0, 0]; if (typeof( date_approved_par[ '8-28-2026' ] ) == 'undefined'){  date_approved_par[ '8-28-2026' ] = [];}  date_approved_par[ '8-28-2026' ][  date_approved_par['8-28-2026'].length  ] = [8,28,2026, 0, 0, 0]; if (typeof( date_approved_par[ '8-29-2026' ] ) == 'undefined'){  date_approved_par[ '8-29-2026' ] = [];}  date_approved_par[ '8-29-2026' ][  date_approved_par['8-29-2026'].length  ] = [8,29,2026, 0, 0, 0]; if (typeof( date_approved_par[ '8-30-2026' ] ) == 'undefined'){  date_approved_par[ '8-30-2026' ] = [];}  date_approved_par[ '8-30-2026' ][  date_approved_par['8-30-2026'].length  ] = [8,30,2026, 0, 0, 0]; if (typeof( date_approved_par[ '8-31-2026' ] ) == 'undefined'){  date_approved_par[ '8-31-2026' ] = [];}  date_approved_par[ '8-31-2026' ][  date_approved_par['8-31-2026'].length  ] = [8,31,2026, 0, 0, 0]; if (typeof( date_approved_par[ '9-1-2026' ] ) == 'undefined'){  date_approved_par[ '9-1-2026' ] = [];}  date_approved_par[ '9-1-2026' ][  date_approved_par['9-1-2026'].length  ] = [9,1,2026, 0, 0, 0]; if (typeof( date_approved_par[ '9-2-2026' ] ) == 'undefined'){  date_approved_par[ '9-2-2026' ] = [];}  date_approved_par[ '9-2-2026' ][  date_approved_par['9-2-2026'].length  ] = [9,2,2026, 0, 0, 0]; if (typeof( date_approved_par[ '9-3-2026' ] ) == 'undefined'){  date_approved_par[ '9-3-2026' ] = [];}  date_approved_par[ '9-3-2026' ][  date_approved_par['9-3-2026'].length  ] = [9,3,2026, 0, 0, 0]; if (typeof( date_approved_par[ '9-4-2026' ] ) == 'undefined'){  date_approved_par[ '9-4-2026' ] = [];}  date_approved_par[ '9-4-2026' ][  date_approved_par['9-4-2026'].length  ] = [9,4,2026, 0, 0, 0]; if (typeof( date_approved_par[ '9-5-2026' ] ) == 'undefined'){  date_approved_par[ '9-5-2026' ] = [];}  date_approved_par[ '9-5-2026' ][  date_approved_par['9-5-2026'].length  ] = [9,5,2026, 0, 0, 0]; if (typeof( date_approved_par[ '9-6-2026' ] ) == 'undefined'){  date_approved_par[ '9-6-2026' ] = [];}  date_approved_par[ '9-6-2026' ][  date_approved_par['9-6-2026'].length  ] = [9,6,2026, 0, 0, 0]; if (typeof( date_approved_par[ '9-7-2026' ] ) == 'undefined'){  date_approved_par[ '9-7-2026' ] = [];}  date_approved_par[ '9-7-2026' ][  date_approved_par['9-7-2026'].length  ] = [9,7,2026, 0, 0, 0]; if (typeof( date_approved_par[ '9-8-2026' ] ) == 'undefined'){  date_approved_par[ '9-8-2026' ] = [];}  date_approved_par[ '9-8-2026' ][  date_approved_par['9-8-2026'].length  ] = [9,8,2026, 0, 0, 0]; if (typeof( date_approved_par[ '9-9-2026' ] ) == 'undefined'){  date_approved_par[ '9-9-2026' ] = [];}  date_approved_par[ '9-9-2026' ][  date_approved_par['9-9-2026'].length  ] = [9,9,2026, 0, 0, 0]; if (typeof( date_approved_par[ '9-24-2026' ] ) == 'undefined'){  date_approved_par[ '9-24-2026' ] = [];}  date_approved_par[ '9-24-2026' ][  date_approved_par['9-24-2026'].length  ] = [9,24,2026, 0, 0, 0]; if (typeof( date_approved_par[ '9-25-2026' ] ) == 'undefined'){  date_approved_par[ '9-25-2026' ] = [];}  date_approved_par[ '9-25-2026' ][  date_approved_par['9-25-2026'].length  ] = [9,25,2026, 0, 0, 0]; if (typeof( date_approved_par[ '9-26-2026' ] ) == 'undefined'){  date_approved_par[ '9-26-2026' ] = [];}  date_approved_par[ '9-26-2026' ][  date_approved_par['9-26-2026'].length  ] = [9,26,2026, 0, 0, 0]; if (typeof( date_approved_par[ '9-27-2026' ] ) == 'undefined'){  date_approved_par[ '9-27-2026' ] = [];}  date_approved_par[ '9-27-2026' ][  date_approved_par['9-27-2026'].length  ] = [9,27,2026, 0, 0, 0];  init_datepick_cal('1', date_approved_par, 2 , 1, false   );  }); <\/script><\/div>\n<!-- \/wp:booking\/booking -->\n\n<!-- wp:buttons {\"align\":\"wide\",\"layout\":{\"type\":\"flex\"}} -->\n<div class=\"wp-block-buttons alignwide\"><!-- wp:button {\"textAlign\":\"center\",\"backgroundColor\":\"purple\",\"textColor\":\"gray\",\"width\":100,\"style\":{\"spacing\":{\"padding\":{\"top\":\"0\",\"right\":\"0\",\"bottom\":\"0\",\"left\":\"0\"}}},\"className\":\"is-style-outline\"} -->\n<div class=\"wp-block-button has-custom-width wp-block-button__width-100 is-style-outline\"><a class=\"wp-block-button__link has-gray-color has-purple-background-color has-text-color has-background has-text-align-center wp-element-button\" href=\"http:\/\/latidodeltietar.com\/index.php\/tarifas\/\" style=\"padding-top:0;padding-right:0;padding-bottom:0;padding-left:0\">TARIFAS<\/a><\/div>\n<!-- \/wp:button --><\/div>\n<!-- \/wp:buttons -->\t\t\t\t\t\t<\/div>\n\t\t\t\t<\/div>\n\t\t\t\t\t<\/div>\n\t\t<\/div>\n\t\t\t\t\t\t\t<\/div>\n\t\t<\/section>\n\t\t<div class=\"elementor-element elementor-element-ad00127 e-flex e-con-boxed e-con\" data-id=\"ad00127\" data-element_type=\"container\" data-settings=\"{&quot;content_width&quot;:&quot;boxed&quot;}\">\n\t\t\t\t\t<div class=\"e-con-inner\">\n\t\t\t\t<div class=\"elementor-element elementor-element-6e93c9e elementor-widget elementor-widget-text-editor\" data-id=\"6e93c9e\" data-element_type=\"widget\" data-widget_type=\"text-editor.default\">\n\t\t\t\t<div class=\"elementor-widget-container\">\n\t\t\t\t\t\t\t<p>PROTECCI\u00d3N DE DATOS:<\/p>\n<p>De conformidad con las normativas de protecci\u00f3n de datos, le facilitamos la siguiente informaci\u00f3n&nbsp; del tratamiento:<br>Responsable: Gustavo Mart\u00edn Ruiz<br>Fines del tratamiento: mantener una relaci\u00f3n comercial y enviar comunicaciones de productos o servicios.<br>Derechos que le asisten: acceso, rectificaci\u00f3n, portabilidad, supresi\u00f3n, limitaci\u00f3n y oposici\u00f3n<br>M\u00e1s informaci\u00f3n del tratamiento en la Pol\u00edtica de privacidad (enlace a la Pol\u00edtica de privacidad)<br>O Acepto el tratamiento de mis datos para el env\u00edo de comunicaciones de productos o servicios.<\/p>\t\t\t\t\t\t<\/div>\n\t\t\t\t<\/div>\n\t\t\t\t\t<\/div>\n\t\t\t\t<\/div>\n\t\t\t\t\t\t\t<\/div>\n\t\t","protected":false},"excerpt":{"rendered":"<p>PROTECCI\u00d3N DE DATOS: De conformidad con las normativas de protecci\u00f3n de datos, le facilitamos la siguiente informaci\u00f3n&nbsp; del tratamiento:Responsable: Gustavo Mart\u00edn RuizFines del tratamiento: mantener una relaci\u00f3n comercial y enviar comunicaciones de productos o servicios.Derechos que le asisten: acceso, rectificaci\u00f3n, portabilidad, supresi\u00f3n, limitaci\u00f3n y oposici\u00f3nM\u00e1s informaci\u00f3n del tratamiento en la Pol\u00edtica de privacidad (enlace a [&hellip;]<\/p>\n","protected":false},"author":1,"featured_media":0,"parent":0,"menu_order":0,"comment_status":"closed","ping_status":"closed","template":"","meta":{"footnotes":""},"class_list":["post-43","page","type-page","status-publish","hentry","travel-monster-post","no-post-thumbnail","latest_post"],"_links":{"self":[{"href":"https:\/\/latidodeltietar.com\/index.php\/wp-json\/wp\/v2\/pages\/43","targetHints":{"allow":["GET"]}}],"collection":[{"href":"https:\/\/latidodeltietar.com\/index.php\/wp-json\/wp\/v2\/pages"}],"about":[{"href":"https:\/\/latidodeltietar.com\/index.php\/wp-json\/wp\/v2\/types\/page"}],"author":[{"embeddable":true,"href":"https:\/\/latidodeltietar.com\/index.php\/wp-json\/wp\/v2\/users\/1"}],"replies":[{"embeddable":true,"href":"https:\/\/latidodeltietar.com\/index.php\/wp-json\/wp\/v2\/comments?post=43"}],"version-history":[{"count":18,"href":"https:\/\/latidodeltietar.com\/index.php\/wp-json\/wp\/v2\/pages\/43\/revisions"}],"predecessor-version":[{"id":973,"href":"https:\/\/latidodeltietar.com\/index.php\/wp-json\/wp\/v2\/pages\/43\/revisions\/973"}],"wp:attachment":[{"href":"https:\/\/latidodeltietar.com\/index.php\/wp-json\/wp\/v2\/media?parent=43"}],"curies":[{"name":"wp","href":"https:\/\/api.w.org\/{rel}","templated":true}]}}